{"id":28,"date":"2026-04-27T13:08:42","date_gmt":"2026-04-27T11:08:42","guid":{"rendered":"https:\/\/planmaster.fr\/velo\/?page_id=28"},"modified":"2026-05-09T15:48:43","modified_gmt":"2026-05-09T13:48:43","slug":"home-page-rewise","status":"publish","type":"page","link":"https:\/\/planmaster.fr\/velo\/","title":{"rendered":"Home page Rewise"},"content":{"rendered":"\t\t<div data-elementor-type=\"wp-page\" data-elementor-id=\"28\" class=\"elementor elementor-28\">\n\t\t\t\t<div class=\"elementor-element elementor-element-e16648d e-con-full e-flex e-con e-parent\" data-id=\"e16648d\" data-element_type=\"container\" data-e-type=\"container\">\n\t\t<div class=\"elementor-element elementor-element-43a2f1f e-con-full e-flex e-con e-child\" data-id=\"43a2f1f\" data-element_type=\"container\" data-e-type=\"container\">\n\t\t\t\t\t\t\t\n\t\t\t<img class=\"e-image-base \" \n\t\t\t\t\tdata-interaction-id=\"d818dcc\" \n\t\t \n\t\t \n\t\t\t\t\t\t\t\t\tid=\"173\"\n\t\t\t\t\t\t\t\t\t\t\t\tsrc=\"https:\/\/planmaster.fr\/velo\/wp-content\/uploads\/sites\/5\/2026\/04\/lankeleisi-x3000-max-2000w-dual-motor-foldable-electric-mountain-bike-New_Upgrade-orange-ebike-03.webp\"\n\t\t\t\t\t\t\t\t\t\t\t\twidth=\"800\"\n\t\t\t\t\t\t\t\t\t\t\t\theight=\"556\"\n\t\t\t\t\t\t\t\t\t\t\t\tsrcset=\"https:\/\/planmaster.fr\/velo\/wp-content\/uploads\/sites\/5\/2026\/04\/lankeleisi-x3000-max-2000w-dual-motor-foldable-electric-mountain-bike-New_Upgrade-orange-ebike-03.webp 800w, https:\/\/planmaster.fr\/velo\/wp-content\/uploads\/sites\/5\/2026\/04\/lankeleisi-x3000-max-2000w-dual-motor-foldable-electric-mountain-bike-New_Upgrade-orange-ebike-03-300x209.webp 300w, https:\/\/planmaster.fr\/velo\/wp-content\/uploads\/sites\/5\/2026\/04\/lankeleisi-x3000-max-2000w-dual-motor-foldable-electric-mountain-bike-New_Upgrade-orange-ebike-03-1024x712.webp 1024w, https:\/\/planmaster.fr\/velo\/wp-content\/uploads\/sites\/5\/2026\/04\/lankeleisi-x3000-max-2000w-dual-motor-foldable-electric-mountain-bike-New_Upgrade-orange-ebike-03-767x533.webp 767w, https:\/\/planmaster.fr\/velo\/wp-content\/uploads\/sites\/5\/2026\/04\/lankeleisi-x3000-max-2000w-dual-motor-foldable-electric-mountain-bike-New_Upgrade-orange-ebike-03-1536x1068.webp 1536w, https:\/\/planmaster.fr\/velo\/wp-content\/uploads\/sites\/5\/2026\/04\/lankeleisi-x3000-max-2000w-dual-motor-foldable-electric-mountain-bike-New_Upgrade-orange-ebike-03-2048x1423.webp 2048w, https:\/\/planmaster.fr\/velo\/wp-content\/uploads\/sites\/5\/2026\/04\/lankeleisi-x3000-max-2000w-dual-motor-foldable-electric-mountain-bike-New_Upgrade-orange-ebike-03-216x150.webp 216w, https:\/\/planmaster.fr\/velo\/wp-content\/uploads\/sites\/5\/2026\/04\/lankeleisi-x3000-max-2000w-dual-motor-foldable-electric-mountain-bike-New_Upgrade-orange-ebike-03-100x70.webp 100w, https:\/\/planmaster.fr\/velo\/wp-content\/uploads\/sites\/5\/2026\/04\/lankeleisi-x3000-max-2000w-dual-motor-foldable-electric-mountain-bike-New_Upgrade-orange-ebike-03-504x350.webp 504w, https:\/\/planmaster.fr\/velo\/wp-content\/uploads\/sites\/5\/2026\/04\/lankeleisi-x3000-max-2000w-dual-motor-foldable-electric-mountain-bike-New_Upgrade-orange-ebike-03-788x547.webp 788w, https:\/\/planmaster.fr\/velo\/wp-content\/uploads\/sites\/5\/2026\/04\/lankeleisi-x3000-max-2000w-dual-motor-foldable-electric-mountain-bike-New_Upgrade-orange-ebike-03-600x417.webp 600w\"\n\t\t\t\t\t\t\t\t\t\t\t\talt=\"IMAGE MOTO\"\n\t\t\t\t\t\t\/>\n\t\t\t\t\t<\/div>\n\t\t<div class=\"elementor-element elementor-element-864590c e-con-full e-flex e-con e-child\" data-id=\"864590c\" data-element_type=\"container\" data-e-type=\"container\">\n\t\t\t\t<div class=\"elementor-element elementor-element-3093ea1 elementor-widget elementor-widget-spacer\" data-id=\"3093ea1\" data-element_type=\"widget\" data-e-type=\"widget\" data-widget_type=\"spacer.default\">\n\t\t\t\t\t\t\t<div class=\"elementor-spacer\">\n\t\t\t<div class=\"elementor-spacer-inner\"><\/div>\n\t\t<\/div>\n\t\t\t\t\t\t<\/div>\n\t\t\t\t\t\t\t<h1 \n\t\tdata-interaction-id=\"78e36ff\" \n\t\tclass=\"e-78e36ff-cd525e4 e-heading-base\" \n\t\t \n\t\t\n\t>\n\t\n\t\t\tComment bien choisir<br> son v\u00e9lo \u00e9lectrique\n\t\t<\/h1>\n\t\t\t\t\t\t\t\t<p class=\"e-350b030-445f43d e-paragraph-base\" data-interaction-id=\"350b030\"  >\n\t\t\t\t\t\t\t\tChoisir un v\u00e9lo \u00e9lectrique (VAE) n\u2019est pas compliqu\u00e9\u2026 mais il faut \u00e9viter de se tromper de <strong>type d\u2019usage<\/strong> et de <strong>niveau d\u2019\u00e9quipement<\/strong>. Voici un guide clair + des exemples concrets pour t\u2019aider \u00e0 d\u00e9cider.\n\t\t\t\t\t<\/p>\n\t\t\t\t<div class=\"elementor-element elementor-element-f777691 elementor-button-warning elementor-widget elementor-widget-button\" data-id=\"f777691\" data-element_type=\"widget\" data-e-type=\"widget\" data-widget_type=\"button.default\">\n\t\t\t\t\t\t\t\t\t\t<a class=\"elementor-button elementor-button-link elementor-size-sm\" href=\"https:\/\/planmaster.fr\/velo\/velo-electrique-critere-n1\/\">\n\t\t\t\t\t\t<span class=\"elementor-button-content-wrapper\">\n\t\t\t\t\t\t<span class=\"elementor-button-icon\">\n\t\t\t\t<i aria-hidden=\"true\" class=\"rhicon rhi-bicycle\"><\/i>\t\t\t<\/span>\n\t\t\t\t\t\t\t\t\t<span class=\"elementor-button-text\">Voir les 10 crit\u00e8res<\/span>\n\t\t\t\t\t<\/span>\n\t\t\t\t\t<\/a>\n\t\t\t\t\t\t\t\t<\/div>\n\t\t\t\t\t\t\t<h2 \n\t\tdata-interaction-id=\"990eebf\" \n\t\tclass=\"e-heading-base\" \n\t\t \n\t\t\n\t>\n\t\n\t\t\t<strong>Commence par ton usage (le plus important)<\/strong>\n\t\t<\/h2>\n\t\t\t\t<div class=\"elementor-element elementor-element-c4d9996 elementor-widget elementor-widget-text-editor\" data-id=\"c4d9996\" data-element_type=\"widget\" data-e-type=\"widget\" data-widget_type=\"text-editor.default\">\n\t\t\t\t\t\t\t\t\t<ol><li><b>Ville \/ trajets boulot<\/b><span style=\"font-weight: 400;\"> \u2192 v\u00e9lo urbain (confort, pratique)<\/span><\/li><li><b>Route + chemins<\/b><span style=\"font-weight: 400;\"> \u2192 VTC \u00e9lectrique (polyvalent)<\/span><\/li><li><b>Chemins \/ for\u00eat \/ sport<\/b><span style=\"font-weight: 400;\"> \u2192 VTT \u00e9lectrique<\/span><\/li><li><b>Manque de place \/ train<\/b><span style=\"font-weight: 400;\"> \u2192 pliant<\/span><\/li><li><b>Transport enfants \/ charges<\/b><span style=\"font-weight: 400;\"> \u2192 cargo<\/span><\/li><\/ol>\t\t\t\t\t\t\t\t<\/div>\n\t\t\t\t<\/div>\n\t\t\t\t<\/div>\n\t\t<div class=\"elementor-element elementor-element-bbdad4c e-flex e-con-boxed e-con e-parent\" data-id=\"bbdad4c\" data-element_type=\"container\" data-e-type=\"container\">\n\t\t\t\t\t<div class=\"e-con-inner\">\n\t\t<div class=\"elementor-element elementor-element-c77e9aa e-con-full e-flex e-con e-child\" data-id=\"c77e9aa\" data-element_type=\"container\" data-e-type=\"container\">\n\t\t\t\t<\/div>\n\t\t<div class=\"elementor-element elementor-element-2ede105 e-con-full e-flex e-con e-child\" data-id=\"2ede105\" data-element_type=\"container\" data-e-type=\"container\">\n\t\t\t\t\t    \t            <button class=\"e-e043d92-aaf6e10 e-button-base\" data-interaction-id=\"e043d92\"  >\n            Tu choisi ta gamme\n        <\/button>\n    \t\t\t\t<\/div>\n\t\t<div class=\"elementor-element elementor-element-d5a6aee e-con-full e-flex e-con e-child\" data-id=\"d5a6aee\" data-element_type=\"container\" data-e-type=\"container\">\n\t\t\t\t<\/div>\n\t\t\t\t\t<\/div>\n\t\t\t\t<\/div>\n\t\t<div class=\"elementor-element elementor-element-892b7a8 e-flex e-con-boxed e-con e-parent\" data-id=\"892b7a8\" data-element_type=\"container\" data-e-type=\"container\">\n\t\t\t\t\t<div class=\"e-con-inner\">\n\t\t<div class=\"elementor-element elementor-element-69e1358 e-con-full e-flex e-con e-child\" data-id=\"69e1358\" data-element_type=\"container\" data-e-type=\"container\">\n\t\t\t\t<\/div>\n\t\t<div class=\"elementor-element elementor-element-603b130 e-con-full e-flex e-con e-child\" data-id=\"603b130\" data-element_type=\"container\" data-e-type=\"container\">\n\t\t\t\t<div class=\"elementor-element elementor-element-c2a0b2a elementor-widget elementor-widget-heading\" data-id=\"c2a0b2a\" data-element_type=\"widget\" data-e-type=\"widget\" data-widget_type=\"heading.default\">\n\t\t\t\t\t<h3 class=\"elementor-heading-title elementor-size-default\">EN SIMPLIFIANT :<\/h3>\t\t\t\t<\/div>\n\t\t\t\t<div class=\"elementor-element elementor-element-e5d0b80 elementor-widget__width-initial elementor-widget elementor-widget-text-editor\" data-id=\"e5d0b80\" data-element_type=\"widget\" data-e-type=\"widget\" data-widget_type=\"text-editor.default\">\n\t\t\t\t\t\t\t\t\t<ul><li><b>Entr\u00e9e de gamme<\/b><span style=\"font-weight: 400;\"> : usage occasionnel, trajets courts, composants simples.<\/span><\/li><li style=\"font-weight: 400;\" aria-level=\"1\"><b>Milieu de gamme<\/b><span style=\"font-weight: 400;\"> : meilleur confort, meilleure autonomie, composants plus fiables.<\/span><\/li><li style=\"font-weight: 400;\" aria-level=\"1\"><b>Haut de gamme<\/b><span style=\"font-weight: 400;\"> : performance, durabilit\u00e9, l\u00e9g\u00e8ret\u00e9, technologie avanc\u00e9e.<\/span><\/li><\/ul>\t\t\t\t\t\t\t\t<\/div>\n\t\t\t\t<\/div>\n\t\t<div class=\"elementor-element elementor-element-2803699 e-con-full e-flex e-con e-child\" data-id=\"2803699\" data-element_type=\"container\" data-e-type=\"container\">\n\t\t\t\t<\/div>\n\t\t\t\t\t<\/div>\n\t\t\t\t<\/div>\n\t\t\t\t<\/div>\n\t\t","protected":false},"excerpt":{"rendered":"<p>Comment bien choisir son v\u00e9lo \u00e9lectrique Choisir un v\u00e9lo \u00e9lectrique (VAE) n\u2019est pas compliqu\u00e9\u2026 mais il faut \u00e9viter de se tromper de type d\u2019usage et de niveau d\u2019\u00e9quipement. Voici un guide clair + des exemples concrets pour t\u2019aider \u00e0 d\u00e9cider. Voir les 10 crit\u00e8res Commence par ton usage (le plus important) Ville \/ trajets boulot [&hellip;]<\/p>\n","protected":false},"author":1,"featured_media":0,"parent":0,"menu_order":0,"comment_status":"closed","ping_status":"closed","template":"elementor_header_footer","meta":{"footnotes":""},"class_list":["post-28","page","type-page","status-publish","hentry"],"yoast_head":"<!-- This site is optimized with the Yoast SEO plugin v27.5 - https:\/\/yoast.com\/product\/yoast-seo-wordpress\/ -->\n<title>Home page Rewise - E-V\u00e9lo multi pistes<\/title>\n<meta name=\"robots\" content=\"index, follow, max-snippet:-1, max-image-preview:large, max-video-preview:-1\" \/>\n<link rel=\"canonical\" href=\"https:\/\/planmaster.fr\/velo\/\" \/>\n<meta property=\"og:locale\" content=\"fr_FR\" \/>\n<meta property=\"og:type\" content=\"article\" \/>\n<meta property=\"og:title\" content=\"Home page Rewise - E-V\u00e9lo multi pistes\" \/>\n<meta property=\"og:description\" content=\"Comment bien choisir son v\u00e9lo \u00e9lectrique Choisir un v\u00e9lo \u00e9lectrique (VAE) n\u2019est pas compliqu\u00e9\u2026 mais il faut \u00e9viter de se tromper de type d\u2019usage et de niveau d\u2019\u00e9quipement. Voici un guide clair + des exemples concrets pour t\u2019aider \u00e0 d\u00e9cider. Voir les 10 crit\u00e8res Commence par ton usage (le plus important) Ville \/ trajets boulot [&hellip;]\" \/>\n<meta property=\"og:url\" content=\"https:\/\/planmaster.fr\/velo\/\" \/>\n<meta property=\"og:site_name\" content=\"E-V\u00e9lo multi pistes\" \/>\n<meta property=\"article:modified_time\" content=\"2026-05-09T13:48:43+00:00\" \/>\n<meta property=\"og:image\" content=\"https:\/\/planmaster.fr\/velo\/wp-content\/uploads\/sites\/5\/2026\/04\/lankeleisi-x3000-max-2000w-dual-motor-foldable-electric-mountain-bike-New_Upgrade-orange-ebike-03.webp\" \/>\n<meta name=\"twitter:card\" content=\"summary_large_image\" \/>\n<meta name=\"twitter:label1\" content=\"Dur\u00e9e de lecture estim\u00e9e\" \/>\n\t<meta name=\"twitter:data1\" content=\"1 minute\" \/>\n<script type=\"application\/ld+json\" class=\"yoast-schema-graph\">{\"@context\":\"https:\\\/\\\/schema.org\",\"@graph\":[{\"@type\":\"WebPage\",\"@id\":\"https:\\\/\\\/planmaster.fr\\\/velo\\\/\",\"url\":\"https:\\\/\\\/planmaster.fr\\\/velo\\\/\",\"name\":\"Home page Rewise - E-V\u00e9lo multi pistes\",\"isPartOf\":{\"@id\":\"https:\\\/\\\/planmaster.fr\\\/velo\\\/#website\"},\"primaryImageOfPage\":{\"@id\":\"https:\\\/\\\/planmaster.fr\\\/velo\\\/#primaryimage\"},\"image\":{\"@id\":\"https:\\\/\\\/planmaster.fr\\\/velo\\\/#primaryimage\"},\"thumbnailUrl\":\"https:\\\/\\\/planmaster.fr\\\/velo\\\/wp-content\\\/uploads\\\/sites\\\/5\\\/2026\\\/04\\\/lankeleisi-x3000-max-2000w-dual-motor-foldable-electric-mountain-bike-New_Upgrade-orange-ebike-03.webp\",\"datePublished\":\"2026-04-27T11:08:42+00:00\",\"dateModified\":\"2026-05-09T13:48:43+00:00\",\"breadcrumb\":{\"@id\":\"https:\\\/\\\/planmaster.fr\\\/velo\\\/#breadcrumb\"},\"inLanguage\":\"fr-FR\",\"potentialAction\":[{\"@type\":\"ReadAction\",\"target\":[\"https:\\\/\\\/planmaster.fr\\\/velo\\\/\"]}]},{\"@type\":\"ImageObject\",\"inLanguage\":\"fr-FR\",\"@id\":\"https:\\\/\\\/planmaster.fr\\\/velo\\\/#primaryimage\",\"url\":\"https:\\\/\\\/planmaster.fr\\\/velo\\\/wp-content\\\/uploads\\\/sites\\\/5\\\/2026\\\/04\\\/lankeleisi-x3000-max-2000w-dual-motor-foldable-electric-mountain-bike-New_Upgrade-orange-ebike-03.webp\",\"contentUrl\":\"https:\\\/\\\/planmaster.fr\\\/velo\\\/wp-content\\\/uploads\\\/sites\\\/5\\\/2026\\\/04\\\/lankeleisi-x3000-max-2000w-dual-motor-foldable-electric-mountain-bike-New_Upgrade-orange-ebike-03.webp\",\"width\":800,\"height\":556,\"caption\":\"IMAGE MOTO\"},{\"@type\":\"BreadcrumbList\",\"@id\":\"https:\\\/\\\/planmaster.fr\\\/velo\\\/#breadcrumb\",\"itemListElement\":[{\"@type\":\"ListItem\",\"position\":1,\"name\":\"Accueil\",\"item\":\"https:\\\/\\\/planmaster.fr\\\/velo\\\/\"},{\"@type\":\"ListItem\",\"position\":2,\"name\":\"Home page Rewise\"}]},{\"@type\":\"WebSite\",\"@id\":\"https:\\\/\\\/planmaster.fr\\\/velo\\\/#website\",\"url\":\"https:\\\/\\\/planmaster.fr\\\/velo\\\/\",\"name\":\"E-V\u00e9lo multi pistes\",\"description\":\"Comment bien choisir son v\u00e9lo \u00e9lectrique\",\"publisher\":{\"@id\":\"https:\\\/\\\/planmaster.fr\\\/velo\\\/#organization\"},\"potentialAction\":[{\"@type\":\"SearchAction\",\"target\":{\"@type\":\"EntryPoint\",\"urlTemplate\":\"https:\\\/\\\/planmaster.fr\\\/velo\\\/?s={search_term_string}\"},\"query-input\":{\"@type\":\"PropertyValueSpecification\",\"valueRequired\":true,\"valueName\":\"search_term_string\"}}],\"inLanguage\":\"fr-FR\"},{\"@type\":\"Organization\",\"@id\":\"https:\\\/\\\/planmaster.fr\\\/velo\\\/#organization\",\"name\":\"E-V\u00e9lo multi pistes\",\"url\":\"https:\\\/\\\/planmaster.fr\\\/velo\\\/\",\"logo\":{\"@type\":\"ImageObject\",\"inLanguage\":\"fr-FR\",\"@id\":\"https:\\\/\\\/planmaster.fr\\\/velo\\\/#\\\/schema\\\/logo\\\/image\\\/\",\"url\":\"https:\\\/\\\/planmaster.fr\\\/velo\\\/wp-content\\\/uploads\\\/sites\\\/5\\\/2026\\\/05\\\/logox400-E-Velo-multi-pistes.png\",\"contentUrl\":\"https:\\\/\\\/planmaster.fr\\\/velo\\\/wp-content\\\/uploads\\\/sites\\\/5\\\/2026\\\/05\\\/logox400-E-Velo-multi-pistes.png\",\"width\":400,\"height\":110,\"caption\":\"E-V\u00e9lo multi pistes\"},\"image\":{\"@id\":\"https:\\\/\\\/planmaster.fr\\\/velo\\\/#\\\/schema\\\/logo\\\/image\\\/\"}}]}<\/script>\n<!-- \/ Yoast SEO plugin. -->","yoast_head_json":{"title":"Home page Rewise - E-V\u00e9lo multi pistes","robots":{"index":"index","follow":"follow","max-snippet":"max-snippet:-1","max-image-preview":"max-image-preview:large","max-video-preview":"max-video-preview:-1"},"canonical":"https:\/\/planmaster.fr\/velo\/","og_locale":"fr_FR","og_type":"article","og_title":"Home page Rewise - E-V\u00e9lo multi pistes","og_description":"Comment bien choisir son v\u00e9lo \u00e9lectrique Choisir un v\u00e9lo \u00e9lectrique (VAE) n\u2019est pas compliqu\u00e9\u2026 mais il faut \u00e9viter de se tromper de type d\u2019usage et de niveau d\u2019\u00e9quipement. Voici un guide clair + des exemples concrets pour t\u2019aider \u00e0 d\u00e9cider. Voir les 10 crit\u00e8res Commence par ton usage (le plus important) Ville \/ trajets boulot [&hellip;]","og_url":"https:\/\/planmaster.fr\/velo\/","og_site_name":"E-V\u00e9lo multi pistes","article_modified_time":"2026-05-09T13:48:43+00:00","og_image":[{"url":"https:\/\/planmaster.fr\/velo\/wp-content\/uploads\/sites\/5\/2026\/04\/lankeleisi-x3000-max-2000w-dual-motor-foldable-electric-mountain-bike-New_Upgrade-orange-ebike-03.webp","type":"","width":"","height":""}],"twitter_card":"summary_large_image","twitter_misc":{"Dur\u00e9e de lecture estim\u00e9e":"1 minute"},"schema":{"@context":"https:\/\/schema.org","@graph":[{"@type":"WebPage","@id":"https:\/\/planmaster.fr\/velo\/","url":"https:\/\/planmaster.fr\/velo\/","name":"Home page Rewise - E-V\u00e9lo multi pistes","isPartOf":{"@id":"https:\/\/planmaster.fr\/velo\/#website"},"primaryImageOfPage":{"@id":"https:\/\/planmaster.fr\/velo\/#primaryimage"},"image":{"@id":"https:\/\/planmaster.fr\/velo\/#primaryimage"},"thumbnailUrl":"https:\/\/planmaster.fr\/velo\/wp-content\/uploads\/sites\/5\/2026\/04\/lankeleisi-x3000-max-2000w-dual-motor-foldable-electric-mountain-bike-New_Upgrade-orange-ebike-03.webp","datePublished":"2026-04-27T11:08:42+00:00","dateModified":"2026-05-09T13:48:43+00:00","breadcrumb":{"@id":"https:\/\/planmaster.fr\/velo\/#breadcrumb"},"inLanguage":"fr-FR","potentialAction":[{"@type":"ReadAction","target":["https:\/\/planmaster.fr\/velo\/"]}]},{"@type":"ImageObject","inLanguage":"fr-FR","@id":"https:\/\/planmaster.fr\/velo\/#primaryimage","url":"https:\/\/planmaster.fr\/velo\/wp-content\/uploads\/sites\/5\/2026\/04\/lankeleisi-x3000-max-2000w-dual-motor-foldable-electric-mountain-bike-New_Upgrade-orange-ebike-03.webp","contentUrl":"https:\/\/planmaster.fr\/velo\/wp-content\/uploads\/sites\/5\/2026\/04\/lankeleisi-x3000-max-2000w-dual-motor-foldable-electric-mountain-bike-New_Upgrade-orange-ebike-03.webp","width":800,"height":556,"caption":"IMAGE MOTO"},{"@type":"BreadcrumbList","@id":"https:\/\/planmaster.fr\/velo\/#breadcrumb","itemListElement":[{"@type":"ListItem","position":1,"name":"Accueil","item":"https:\/\/planmaster.fr\/velo\/"},{"@type":"ListItem","position":2,"name":"Home page Rewise"}]},{"@type":"WebSite","@id":"https:\/\/planmaster.fr\/velo\/#website","url":"https:\/\/planmaster.fr\/velo\/","name":"E-V\u00e9lo multi pistes","description":"Comment bien choisir son v\u00e9lo \u00e9lectrique","publisher":{"@id":"https:\/\/planmaster.fr\/velo\/#organization"},"potentialAction":[{"@type":"SearchAction","target":{"@type":"EntryPoint","urlTemplate":"https:\/\/planmaster.fr\/velo\/?s={search_term_string}"},"query-input":{"@type":"PropertyValueSpecification","valueRequired":true,"valueName":"search_term_string"}}],"inLanguage":"fr-FR"},{"@type":"Organization","@id":"https:\/\/planmaster.fr\/velo\/#organization","name":"E-V\u00e9lo multi pistes","url":"https:\/\/planmaster.fr\/velo\/","logo":{"@type":"ImageObject","inLanguage":"fr-FR","@id":"https:\/\/planmaster.fr\/velo\/#\/schema\/logo\/image\/","url":"https:\/\/planmaster.fr\/velo\/wp-content\/uploads\/sites\/5\/2026\/05\/logox400-E-Velo-multi-pistes.png","contentUrl":"https:\/\/planmaster.fr\/velo\/wp-content\/uploads\/sites\/5\/2026\/05\/logox400-E-Velo-multi-pistes.png","width":400,"height":110,"caption":"E-V\u00e9lo multi pistes"},"image":{"@id":"https:\/\/planmaster.fr\/velo\/#\/schema\/logo\/image\/"}}]}},"_links":{"self":[{"href":"https:\/\/planmaster.fr\/velo\/wp-json\/wp\/v2\/pages\/28","targetHints":{"allow":["GET"]}}],"collection":[{"href":"https:\/\/planmaster.fr\/velo\/wp-json\/wp\/v2\/pages"}],"about":[{"href":"https:\/\/planmaster.fr\/velo\/wp-json\/wp\/v2\/types\/page"}],"author":[{"embeddable":true,"href":"https:\/\/planmaster.fr\/velo\/wp-json\/wp\/v2\/users\/1"}],"replies":[{"embeddable":true,"href":"https:\/\/planmaster.fr\/velo\/wp-json\/wp\/v2\/comments?post=28"}],"version-history":[{"count":192,"href":"https:\/\/planmaster.fr\/velo\/wp-json\/wp\/v2\/pages\/28\/revisions"}],"predecessor-version":[{"id":1327,"href":"https:\/\/planmaster.fr\/velo\/wp-json\/wp\/v2\/pages\/28\/revisions\/1327"}],"wp:attachment":[{"href":"https:\/\/planmaster.fr\/velo\/wp-json\/wp\/v2\/media?parent=28"}],"curies":[{"name":"wp","href":"https:\/\/api.w.org\/{rel}","templated":true}]}}